{"id":49,"date":"2024-01-12T08:53:50","date_gmt":"2024-01-12T08:53:50","guid":{"rendered":"https:\/\/www.aviastec.com\/?page_id=49"},"modified":"2024-09-04T15:10:01","modified_gmt":"2024-09-04T15:10:01","slug":"renting","status":"publish","type":"page","link":"https:\/\/www.aviastec.com\/en\/renting\/","title":{"rendered":"Renting"},"content":{"rendered":"<p class=\"translation-block\">One of the main services we offer is <strong>fleet renting<\/strong> to flight schools (and\/or individuals), always with a focus on <strong>safety and sustainability<\/strong>.<\/p>\n\n\n\n<p class=\"translation-block\">Aviastec has a fleet of aircraft that represents <strong>the forefront of European civil aviation<\/strong>: through the incorporation of <strong>FADEC<\/strong> technologies and the installation of the <strong>BRS<\/strong> (Ballistic Parachute System) in several of its assets, we work to generate a robust and highly reliable <strong>safety system (active and passive)<\/strong> in the sector.<\/p>\n\n\n\n<p class=\"translation-block\">Additionally, most of our planes have been <strong>converted to JET A-1<\/strong>, a fuel with <strong>higher performance and less environmental impact<\/strong>. Lower consumption, fewer emissions, greater operational range. You fly, we take care of the rest.<\/p>\n\n\n\n<p><em>You fly, we take care of the rest.<\/em><\/p>","protected":false},"excerpt":{"rendered":"<p>Uno de los servicios principales que ofrecemos es el renting de flotas a escuelas de vuelo (y\/o particulares), siempre de la mano de la seguridad y la sostenibilidad. Aviastec cuenta con un grupo de aeronaves que representa la punta de lanza de la aviaci\u00f3n civil europea: a trav\u00e9s de la incorporaci\u00f3n de tecnolog\u00edas FADEC y [&hellip;]<\/p>\n","protected":false},"author":1,"featured_media":0,"parent":0,"menu_order":0,"comment_status":"closed","ping_status":"closed","template":"","meta":{"saved_in_kubio":true,"footnotes":""},"class_list":["post-49","page","type-page","status-publish","hentry"],"kubio_ai_page_context":{"short_desc":"","purpose":"general"},"_links":{"self":[{"href":"https:\/\/www.aviastec.com\/en\/wp-json\/wp\/v2\/pages\/49","targetHints":{"allow":["GET"]}}],"collection":[{"href":"https:\/\/www.aviastec.com\/en\/wp-json\/wp\/v2\/pages"}],"about":[{"href":"https:\/\/www.aviastec.com\/en\/wp-json\/wp\/v2\/types\/page"}],"author":[{"embeddable":true,"href":"https:\/\/www.aviastec.com\/en\/wp-json\/wp\/v2\/users\/1"}],"replies":[{"embeddable":true,"href":"https:\/\/www.aviastec.com\/en\/wp-json\/wp\/v2\/comments?post=49"}],"version-history":[{"count":39,"href":"https:\/\/www.aviastec.com\/en\/wp-json\/wp\/v2\/pages\/49\/revisions"}],"predecessor-version":[{"id":571,"href":"https:\/\/www.aviastec.com\/en\/wp-json\/wp\/v2\/pages\/49\/revisions\/571"}],"wp:attachment":[{"href":"https:\/\/www.aviastec.com\/en\/wp-json\/wp\/v2\/media?parent=49"}],"curies":[{"name":"wp","href":"https:\/\/api.w.org\/{rel}","templated":true}]}}