{"id":302,"date":"2024-04-17T09:46:01","date_gmt":"2024-04-17T09:46:01","guid":{"rendered":"https:\/\/www.aviastec.com\/?page_id=302"},"modified":"2024-09-18T11:27:02","modified_gmt":"2024-09-18T11:27:02","slug":"aviastec-racing","status":"publish","type":"page","link":"https:\/\/www.aviastec.com\/en\/aviastec-racing\/","title":{"rendered":"Aviastec Racing"},"content":{"rendered":"<p class=\"translation-block\">At Aviastec, we haven't just wanted to grow and evolve in the field of aviation. In our <strong>drive to be better<\/strong> and compete to reach new goals, we've had the opportunity to <strong>create a section dedicated to motor racing<\/strong>. Participants in the COPA COOPER since its inception, over two years, <strong>we have built a winning team<\/strong>.<\/p>\n\n\n\n<p class=\"translation-block\">The duo of pilots Ignacio and \u00c1lvaro \nRodr\u00edguez, along with an outstanding team of mechanics and technical staff (members\nof the aeronautical industry), became <strong>champions of the second edition of the cup<\/strong>, \nstarting from a fourth position in the previous season.<\/p>\n\n\n\n<p class=\"translation-block\"><strong>Our passion is the engine<\/strong>, in any \nof its forms, and above all, we seek to achieve our goals <strong>through teamwork and total \ndedication to what we do<\/strong>.<\/p>","protected":false},"excerpt":{"rendered":"<p>Desde Aviastec no solo hemos querido crecer y evolucionar en el campo de la aviaci\u00f3n. En nuestro impulso por ser mejores y competir por alcanzar nuevas metas, hemos tenido la oportunidad de crear una secci\u00f3n dedicada a la competici\u00f3n automovil\u00edstica. Participantes en la COPA COOPER desde su inicio, a lo largo de dos a\u00f1os hemos [&hellip;]<\/p>\n","protected":false},"author":1,"featured_media":0,"parent":0,"menu_order":0,"comment_status":"closed","ping_status":"closed","template":"","meta":{"saved_in_kubio":true,"footnotes":""},"class_list":["post-302","page","type-page","status-publish","hentry"],"kubio_ai_page_context":{"short_desc":"","purpose":"general"},"_links":{"self":[{"href":"https:\/\/www.aviastec.com\/en\/wp-json\/wp\/v2\/pages\/302","targetHints":{"allow":["GET"]}}],"collection":[{"href":"https:\/\/www.aviastec.com\/en\/wp-json\/wp\/v2\/pages"}],"about":[{"href":"https:\/\/www.aviastec.com\/en\/wp-json\/wp\/v2\/types\/page"}],"author":[{"embeddable":true,"href":"https:\/\/www.aviastec.com\/en\/wp-json\/wp\/v2\/users\/1"}],"replies":[{"embeddable":true,"href":"https:\/\/www.aviastec.com\/en\/wp-json\/wp\/v2\/comments?post=302"}],"version-history":[{"count":2,"href":"https:\/\/www.aviastec.com\/en\/wp-json\/wp\/v2\/pages\/302\/revisions"}],"predecessor-version":[{"id":616,"href":"https:\/\/www.aviastec.com\/en\/wp-json\/wp\/v2\/pages\/302\/revisions\/616"}],"wp:attachment":[{"href":"https:\/\/www.aviastec.com\/en\/wp-json\/wp\/v2\/media?parent=302"}],"curies":[{"name":"wp","href":"https:\/\/api.w.org\/{rel}","templated":true}]}}