{"id":3,"date":"2024-01-11T13:47:21","date_gmt":"2024-01-11T13:47:21","guid":{"rendered":"https:\/\/www.aviastec.com\/?page_id=3"},"modified":"2024-09-03T14:10:23","modified_gmt":"2024-09-03T14:10:23","slug":"privacy-policy","status":"publish","type":"page","link":"https:\/\/www.aviastec.com\/en\/privacy-policy\/","title":{"rendered":"Pol\u00edtica de datos"},"content":{"rendered":"<h3 class=\"wp-block-heading\">Cl\u00e1usula de Protecci\u00f3n de Datos<\/h3>\n\n\n\n<p>Los datos de car\u00e1cter personal que ud. facilite al darse de alta y rellenar el formulario de solicitud de empleo as\u00ed como los que figuren en la documentaci\u00f3n que ud. adjunte al mismo o los que se obtengan durante los procesos de selecci\u00f3n a los que sea convocado, ser\u00e1n incluidos en un fichero titularidad de AVIACI\u00d3N ASTURIANA T\u00c9CNICA, S.L., cuya finalidad es la selecci\u00f3n de personal, donde se conservar\u00e1n en tanto ud. no proceda a su cancelaci\u00f3n conforme se indica m\u00e1s adelante.<\/p>\n\n\n\n<p>Ud. autoriza el tratamiento de sus datos en los t\u00e9rminos descritos en esta cl\u00e1usula, incluida la posible comunicaci\u00f3n de los mismos a otras empresas del Grupo, dedicadas al sector de la aviaci\u00f3n ejecutiva, cuyas denominaciones y direcciones figuran en nuestra p\u00e1gina web www.aviastec.com, que los utilizar\u00e1n con las mismas finalidades.<\/p>\n\n\n\n<p>Ud. puede ejercitar gratuitamente los derechos de acceso, rectificaci\u00f3n, cancelaci\u00f3n u oposici\u00f3n sobre tales datos enviando comunicaci\u00f3n escrita a AVIACI\u00d3N ASTURIANA T\u00c9CNICA, S.L. \u2013 C\/ Cimadevilla, 15 \u2013 Bajo 33003 Oviedo (Asturias) o enviando un&nbsp;<a href=\"mailto:lopd@airsesam.com\">E-mail<\/a>&nbsp;Adem\u00e1s, ud. puede actualizar, modificar o cancelar directamente y en cualquier momento los datos personales previamente introducidos a trav\u00e9s del formulario de solicitud de empleo introduciendo su nombre de usuario y contrase\u00f1a y pulsando el bot\u00f3n \u201cmodificar o cancelar curriculum\u201d.<\/p>\n\n\n\n<p>En caso de facilitar datos de terceros, ud. asume el compromiso de informarles con car\u00e1cter previo de todos los extremos recogidos en esta cl\u00e1usula y obtener su consentimiento.<\/p>","protected":false},"excerpt":{"rendered":"<p>Cl\u00e1usula de Protecci\u00f3n de Datos Los datos de car\u00e1cter personal que ud. facilite al darse de alta y rellenar el formulario de solicitud de empleo as\u00ed como los que figuren en la documentaci\u00f3n que ud. adjunte al mismo o los que se obtengan durante los procesos de selecci\u00f3n a los que sea convocado, ser\u00e1n incluidos [&hellip;]<\/p>\n","protected":false},"author":1,"featured_media":0,"parent":0,"menu_order":0,"comment_status":"closed","ping_status":"open","template":"","meta":{"saved_in_kubio":false,"footnotes":""},"class_list":["post-3","page","type-page","status-publish","hentry"],"kubio_ai_page_context":{"short_desc":"","purpose":"general"},"_links":{"self":[{"href":"https:\/\/www.aviastec.com\/en\/wp-json\/wp\/v2\/pages\/3","targetHints":{"allow":["GET"]}}],"collection":[{"href":"https:\/\/www.aviastec.com\/en\/wp-json\/wp\/v2\/pages"}],"about":[{"href":"https:\/\/www.aviastec.com\/en\/wp-json\/wp\/v2\/types\/page"}],"author":[{"embeddable":true,"href":"https:\/\/www.aviastec.com\/en\/wp-json\/wp\/v2\/users\/1"}],"replies":[{"embeddable":true,"href":"https:\/\/www.aviastec.com\/en\/wp-json\/wp\/v2\/comments?post=3"}],"version-history":[{"count":1,"href":"https:\/\/www.aviastec.com\/en\/wp-json\/wp\/v2\/pages\/3\/revisions"}],"predecessor-version":[{"id":62,"href":"https:\/\/www.aviastec.com\/en\/wp-json\/wp\/v2\/pages\/3\/revisions\/62"}],"wp:attachment":[{"href":"https:\/\/www.aviastec.com\/en\/wp-json\/wp\/v2\/media?parent=3"}],"curies":[{"name":"wp","href":"https:\/\/api.w.org\/{rel}","templated":true}]}}